{"id":1761,"date":"2026-02-09T16:03:25","date_gmt":"2026-02-09T13:03:25","guid":{"rendered":"https:\/\/esteel.ee\/survey1\/"},"modified":"2026-03-12T18:36:18","modified_gmt":"2026-03-12T15:36:18","slug":"survey-for-welders","status":"publish","type":"page","link":"https:\/\/esteel.ee\/et\/survey-for-welders\/","title":{"rendered":"Keevitajate uuring"},"content":{"rendered":"\t\t<div data-elementor-type=\"wp-page\" data-elementor-id=\"1761\" class=\"elementor elementor-1761 elementor-1738\" data-elementor-post-type=\"page\">\n\t\t\t\t<div class=\"elementor-element elementor-element-b49daa9 e-flex e-con-boxed e-con e-parent\" data-id=\"b49daa9\" data-element_type=\"container\" data-e-type=\"container\">\n\t\t\t\t\t<div class=\"e-con-inner\">\n\t\t\t\t<div class=\"elementor-element elementor-element-c05aaff elementor-button-align-start elementor-widget elementor-widget-form\" data-id=\"c05aaff\" data-element_type=\"widget\" data-e-type=\"widget\" data-settings=\"{&quot;button_width&quot;:&quot;20&quot;,&quot;step_next_label&quot;:&quot;Next&quot;,&quot;step_previous_label&quot;:&quot;Previous&quot;,&quot;step_type&quot;:&quot;number_text&quot;,&quot;step_icon_shape&quot;:&quot;circle&quot;}\" data-widget_type=\"form.default\">\n\t\t\t\t\t\t\t<form class=\"elementor-form\" method=\"post\" name=\"Welder\" aria-label=\"Welder\">\n\t\t\t<input type=\"hidden\" name=\"post_id\" value=\"1761\"\/>\n\t\t\t<input type=\"hidden\" name=\"form_id\" value=\"c05aaff\"\/>\n\t\t\t<input type=\"hidden\" name=\"referer_title\" value=\"Keevitajate uuring - Esteel\" \/>\n\n\t\t\t\t\t\t\t<input type=\"hidden\" name=\"queried_id\" value=\"1761\"\/>\n\t\t\t\n\t\t\t<div class=\"elementor-form-fields-wrapper elementor-labels-above\">\n\t\t\t\t\t\t\t\t<div class=\"elementor-field-type-text elementor-field-group elementor-column elementor-field-group-field_341f1d9 elementor-col-50 elementor-field-required elementor-mark-required\">\n\t\t\t\t\t\t\t\t\t\t\t\t<label for=\"form-field-field_341f1d9\" class=\"elementor-field-label\">\n\t\t\t\t\t\t\t\tEes- ja perekonnanimi\t\t\t\t\t\t\t<\/label>\n\t\t\t\t\t\t\t\t\t\t\t\t\t\t<input size=\"1\" type=\"text\" name=\"form_fields[field_341f1d9]\" id=\"form-field-field_341f1d9\" class=\"elementor-field elementor-size-sm  elementor-field-textual\" placeholder=\"Kirjutage oma t\u00e4isnimi\" required=\"required\">\n\t\t\t\t\t\t\t\t\t\t\t<\/div>\n\t\t\t\t\t\t\t\t<div class=\"elementor-field-type-email elementor-field-group elementor-column elementor-field-group-field_38f46b8 elementor-col-50 elementor-field-required elementor-mark-required\">\n\t\t\t\t\t\t\t\t\t\t\t\t<label for=\"form-field-field_38f46b8\" class=\"elementor-field-label\">\n\t\t\t\t\t\t\t\tE-post\t\t\t\t\t\t\t<\/label>\n\t\t\t\t\t\t\t\t\t\t\t\t\t\t<input size=\"1\" type=\"email\" name=\"form_fields[field_38f46b8]\" id=\"form-field-field_38f46b8\" class=\"elementor-field elementor-size-sm  elementor-field-textual\" placeholder=\"Kirjutage oma e-posti aadress\" required=\"required\">\n\t\t\t\t\t\t\t\t\t\t\t<\/div>\n\t\t\t\t\t\t\t\t<div class=\"elementor-field-type-select elementor-field-group elementor-column elementor-field-group-field_a2a25b5 elementor-col-20 elementor-sm-30 elementor-field-required elementor-mark-required\">\n\t\t\t\t\t\t\t\t\t\t\t\t<label for=\"form-field-field_a2a25b5\" class=\"elementor-field-label\">\n\t\t\t\t\t\t\t\tKood\t\t\t\t\t\t\t<\/label>\n\t\t\t\t\t\t\t\t<div class=\"elementor-field elementor-select-wrapper remove-before \">\n\t\t\t<div class=\"select-caret-down-wrapper\">\n\t\t\t\t<svg aria-hidden=\"true\" class=\"e-font-icon-svg e-eicon-caret-down\" viewBox=\"0 0 571.4 571.4\" xmlns=\"http:\/\/www.w3.org\/2000\/svg\"><path d=\"M571 393Q571 407 561 418L311 668Q300 679 286 679T261 668L11 418Q0 407 0 393T11 368 36 357H536Q550 357 561 368T571 393Z\"><\/path><\/svg>\t\t\t<\/div>\n\t\t\t<select name=\"form_fields[field_a2a25b5]\" id=\"form-field-field_a2a25b5\" class=\"elementor-field-textual elementor-size-sm\" required=\"required\">\n\t\t\t\t\t\t\t\t\t<option value=\"+372 \">+372 <\/option>\n\t\t\t\t\t\t\t\t\t<option value=\"+358 \">+358 <\/option>\n\t\t\t\t\t\t\t\t\t<option value=\"+371\">+371<\/option>\n\t\t\t\t\t\t\t\t\t<option value=\"+370\">+370<\/option>\n\t\t\t\t\t\t\t\t\t<option value=\"+46\">+46<\/option>\n\t\t\t\t\t\t\t\t\t<option value=\"+47\">+47<\/option>\n\t\t\t\t\t\t\t\t\t<option value=\"+48\">+48<\/option>\n\t\t\t\t\t\t\t\t\t<option value=\"+49\">+49<\/option>\n\t\t\t\t\t\t\t\t\t<option value=\"+7\">+7<\/option>\n\t\t\t\t\t\t\t\t\t<option value=\"+375\">+375<\/option>\n\t\t\t\t\t\t\t\t\t<option value=\"+380\">+380<\/option>\n\t\t\t\t\t\t\t<\/select>\n\t\t<\/div>\n\t\t\t\t\t\t<\/div>\n\t\t\t\t\t\t\t\t<div class=\"elementor-field-type-number elementor-field-group elementor-column elementor-field-group-field_f7dc914 elementor-col-30 elementor-sm-70 elementor-field-required elementor-mark-required\">\n\t\t\t\t\t\t\t\t\t\t\t\t<label for=\"form-field-field_f7dc914\" class=\"elementor-field-label\">\n\t\t\t\t\t\t\t\tTelefoninumber\t\t\t\t\t\t\t<\/label>\n\t\t\t\t\t\t\t\t\t<input type=\"number\" name=\"form_fields[field_f7dc914]\" id=\"form-field-field_f7dc914\" class=\"elementor-field elementor-size-sm  elementor-field-textual\" placeholder=\"Kirjutage oma telefoninumber\" required=\"required\" min=\"\" max=\"\" >\n\t\t\t\t\t\t<\/div>\n\t\t\t\t\t\t\t\t<div class=\"elementor-field-type-text elementor-field-group elementor-column elementor-field-group-field_36d4235 elementor-col-50 elementor-field-required elementor-mark-required\">\n\t\t\t\t\t\t\t\t\t\t\t\t<label for=\"form-field-field_36d4235\" class=\"elementor-field-label\">\n\t\t\t\t\t\t\t\tKodakondsus\t\t\t\t\t\t\t<\/label>\n\t\t\t\t\t\t\t\t\t\t\t\t\t\t<input size=\"1\" type=\"text\" name=\"form_fields[field_36d4235]\" id=\"form-field-field_36d4235\" class=\"elementor-field elementor-size-sm  elementor-field-textual\" placeholder=\"Kirjutage oma kodakondsus\" required=\"required\">\n\t\t\t\t\t\t\t\t\t\t\t<\/div>\n\t\t\t\t\t\t\t\t<div class=\"elementor-field-type-select elementor-field-group elementor-column elementor-field-group-field_037a4f2 elementor-col-50 elementor-field-required elementor-mark-required\">\n\t\t\t\t\t\t\t\t\t\t\t\t<label for=\"form-field-field_037a4f2\" class=\"elementor-field-label\">\n\t\t\t\t\t\t\t\tAmetikoht\t\t\t\t\t\t\t<\/label>\n\t\t\t\t\t\t\t\t<div class=\"elementor-field elementor-select-wrapper remove-before \">\n\t\t\t<div class=\"select-caret-down-wrapper\">\n\t\t\t\t<svg aria-hidden=\"true\" class=\"e-font-icon-svg e-eicon-caret-down\" viewBox=\"0 0 571.4 571.4\" xmlns=\"http:\/\/www.w3.org\/2000\/svg\"><path d=\"M571 393Q571 407 561 418L311 668Q300 679 286 679T261 668L11 418Q0 407 0 393T11 368 36 357H536Q550 357 561 368T571 393Z\"><\/path><\/svg>\t\t\t<\/div>\n\t\t\t<select name=\"form_fields[field_037a4f2]\" id=\"form-field-field_037a4f2\" class=\"elementor-field-textual elementor-size-sm\" required=\"required\">\n\t\t\t\t\t\t\t\t\t<option value=\"Keevitaja\">Keevitaja<\/option>\n\t\t\t\t\t\t\t\t\t<option value=\"Keevitaja-monteerija\">Keevitaja-monteerija<\/option>\n\t\t\t\t\t\t\t\t\t<option value=\"Torukeevitaja\">Torukeevitaja<\/option>\n\t\t\t\t\t\t\t\t\t<option value=\"Universaalne keevitaja\">Universaalne keevitaja<\/option>\n\t\t\t\t\t\t\t\t\t<option value=\"Muu\">Muu<\/option>\n\t\t\t\t\t\t\t<\/select>\n\t\t<\/div>\n\t\t\t\t\t\t<\/div>\n\t\t\t\t\t\t\t\t<div class=\"elementor-field-type-date elementor-field-group elementor-column elementor-field-group-field_b227d77 elementor-col-50 elementor-field-required elementor-mark-required\">\n\t\t\t\t\t\t\t\t\t\t\t\t<label for=\"form-field-field_b227d77\" class=\"elementor-field-label\">\n\t\t\t\t\t\t\t\tS\u00fcnnip\u00e4ev\t\t\t\t\t\t\t<\/label>\n\t\t\t\t\t\t\n\t\t<input type=\"date\" name=\"form_fields[field_b227d77]\" id=\"form-field-field_b227d77\" class=\"elementor-field elementor-size-sm  elementor-field-textual elementor-date-field\" placeholder=\"Sisestage oma s\u00fcnnip\u00e4ev\" required=\"required\" pattern=\"[0-9]{4}-[0-9]{2}-[0-9]{2}\">\n\t\t\t\t\t\t<\/div>\n\t\t\t\t\t\t\t\t<div class=\"elementor-field-type-textarea elementor-field-group elementor-column elementor-field-group-field_a42cc87 elementor-col-70 elementor-field-required elementor-mark-required\">\n\t\t\t\t\t\t\t\t\t\t\t\t<label for=\"form-field-field_a42cc87\" class=\"elementor-field-label\">\n\t\t\t\t\t\t\t\tT\u00f6\u00f6kogemus (viimased 3 t\u00f6\u00f6kohta \u2013 t\u00e4psusta t\u00f6\u00f6\u00fclesanded ja keevitusmeetodid)\t\t\t\t\t\t\t<\/label>\n\t\t\t\t\t\t<textarea class=\"elementor-field-textual elementor-field  elementor-size-sm\" name=\"form_fields[field_a42cc87]\" id=\"form-field-field_a42cc87\" rows=\"3\" placeholder=\"2023\u20132026 Keevitaja-koostaja \u2013 ESTeel O\u00dc (Meetod: 135 MIG\/MAG, teraskonstruktsioonide keevitamine)\" required=\"required\"><\/textarea>\t\t\t\t<\/div>\n\t\t\t\t\t\t\t\t<div class=\"elementor-field-type-textarea elementor-field-group elementor-column elementor-field-group-field_2de8934 elementor-col-30 elementor-field-required elementor-mark-required\">\n\t\t\t\t\t\t\t\t\t\t\t\t<label for=\"form-field-field_2de8934\" class=\"elementor-field-label\">\n\t\t\t\t\t\t\t\tKeeled\t\t\t\t\t\t\t<\/label>\n\t\t\t\t\t\t<textarea class=\"elementor-field-textual elementor-field  elementor-size-sm\" name=\"form_fields[field_2de8934]\" id=\"form-field-field_2de8934\" rows=\"3\" placeholder=\"Eesti keel \u2013 emakeel\" required=\"required\"><\/textarea>\t\t\t\t<\/div>\n\t\t\t\t\t\t\t\t<div class=\"elementor-field-type-checkbox elementor-field-group elementor-column elementor-field-group-field_7caba67 elementor-col-50\">\n\t\t\t\t\t\t\t\t\t\t\t\t<label for=\"form-field-field_7caba67\" class=\"elementor-field-label\">\n\t\t\t\t\t\t\t\tT\u00f6\u00f6 t\u00fc\u00fcp\t\t\t\t\t\t\t<\/label>\n\t\t\t\t\t\t<div class=\"elementor-field-subgroup  elementor-subgroup-inline\"><span class=\"elementor-field-option\"><input type=\"checkbox\" value=\"Metallkonstruktsioonid\" id=\"form-field-field_7caba67-0\" name=\"form_fields[field_7caba67][]\"> <label for=\"form-field-field_7caba67-0\">Metallkonstruktsioonid<\/label><\/span><span class=\"elementor-field-option\"><input type=\"checkbox\" value=\"Torustikud\" id=\"form-field-field_7caba67-1\" name=\"form_fields[field_7caba67][]\"> <label for=\"form-field-field_7caba67-1\">Torustikud<\/label><\/span><span class=\"elementor-field-option\"><input type=\"checkbox\" value=\"Laevaehitus\" id=\"form-field-field_7caba67-2\" name=\"form_fields[field_7caba67][]\"> <label for=\"form-field-field_7caba67-2\">Laevaehitus<\/label><\/span><span class=\"elementor-field-option\"><input type=\"checkbox\" value=\"T\u00f6\u00f6stuslik montaa\u017e\" id=\"form-field-field_7caba67-3\" name=\"form_fields[field_7caba67][]\"> <label for=\"form-field-field_7caba67-3\">T\u00f6\u00f6stuslik montaa\u017e<\/label><\/span><span class=\"elementor-field-option\"><input type=\"checkbox\" value=\"Remondit\u00f6\u00f6d\" id=\"form-field-field_7caba67-4\" name=\"form_fields[field_7caba67][]\"> <label for=\"form-field-field_7caba67-4\">Remondit\u00f6\u00f6d<\/label><\/span><span class=\"elementor-field-option\"><input type=\"checkbox\" value=\"Muu\" id=\"form-field-field_7caba67-5\" name=\"form_fields[field_7caba67][]\"> <label for=\"form-field-field_7caba67-5\">Muu<\/label><\/span><\/div>\t\t\t\t<\/div>\n\t\t\t\t\t\t\t\t<div class=\"elementor-field-type-checkbox elementor-field-group elementor-column elementor-field-group-field_2aab8e9 elementor-col-50\">\n\t\t\t\t\t\t\t\t\t\t\t\t<label for=\"form-field-field_2aab8e9\" class=\"elementor-field-label\">\n\t\t\t\t\t\t\t\tStandard\t\t\t\t\t\t\t<\/label>\n\t\t\t\t\t\t<div class=\"elementor-field-subgroup  elementor-subgroup-inline\"><span class=\"elementor-field-option\"><input type=\"checkbox\" value=\"EN ISO 9606-1\" id=\"form-field-field_2aab8e9-0\" name=\"form_fields[field_2aab8e9][]\"> <label for=\"form-field-field_2aab8e9-0\">EN ISO 9606-1<\/label><\/span><span class=\"elementor-field-option\"><input type=\"checkbox\" value=\"EN ISO 9606-2\" id=\"form-field-field_2aab8e9-1\" name=\"form_fields[field_2aab8e9][]\"> <label for=\"form-field-field_2aab8e9-1\">EN ISO 9606-2<\/label><\/span><span class=\"elementor-field-option\"><input type=\"checkbox\" value=\"EN ISO 14732\" id=\"form-field-field_2aab8e9-2\" name=\"form_fields[field_2aab8e9][]\"> <label for=\"form-field-field_2aab8e9-2\">EN ISO 14732<\/label><\/span><span class=\"elementor-field-option\"><input type=\"checkbox\" value=\"Muu\" id=\"form-field-field_2aab8e9-3\" name=\"form_fields[field_2aab8e9][]\"> <label for=\"form-field-field_2aab8e9-3\">Muu<\/label><\/span><\/div>\t\t\t\t<\/div>\n\t\t\t\t\t\t\t\t<div class=\"elementor-field-type-checkbox elementor-field-group elementor-column elementor-field-group-field_6aca032 elementor-col-33\">\n\t\t\t\t\t\t\t\t\t\t\t\t<label for=\"form-field-field_6aca032\" class=\"elementor-field-label\">\n\t\t\t\t\t\t\t\tSertifikaadid\t\t\t\t\t\t\t<\/label>\n\t\t\t\t\t\t<div class=\"elementor-field-subgroup  elementor-subgroup-inline\"><span class=\"elementor-field-option\"><input type=\"checkbox\" value=\"111 - MMA\" id=\"form-field-field_6aca032-0\" name=\"form_fields[field_6aca032][]\"> <label for=\"form-field-field_6aca032-0\">111 - MMA<\/label><\/span><span class=\"elementor-field-option\"><input type=\"checkbox\" value=\"135 - MAG\" id=\"form-field-field_6aca032-1\" name=\"form_fields[field_6aca032][]\"> <label for=\"form-field-field_6aca032-1\">135 - MAG<\/label><\/span><span class=\"elementor-field-option\"><input type=\"checkbox\" value=\"136 - MAG pulber\" id=\"form-field-field_6aca032-2\" name=\"form_fields[field_6aca032][]\"> <label for=\"form-field-field_6aca032-2\">136 - MAG pulber<\/label><\/span><span class=\"elementor-field-option\"><input type=\"checkbox\" value=\"141 - TIG\" id=\"form-field-field_6aca032-3\" name=\"form_fields[field_6aca032][]\"> <label for=\"form-field-field_6aca032-3\">141 - TIG<\/label><\/span><\/div>\t\t\t\t<\/div>\n\t\t\t\t\t\t\t\t<div class=\"elementor-field-type-checkbox elementor-field-group elementor-column elementor-field-group-field_156dfa4 elementor-col-33\">\n\t\t\t\t\t\t\t\t\t\t\t\t<label for=\"form-field-field_156dfa4\" class=\"elementor-field-label\">\n\t\t\t\t\t\t\t\tKeevitusasendid\t\t\t\t\t\t\t<\/label>\n\t\t\t\t\t\t<div class=\"elementor-field-subgroup  elementor-subgroup-inline\"><span class=\"elementor-field-option\"><input type=\"checkbox\" value=\"PA\" id=\"form-field-field_156dfa4-0\" name=\"form_fields[field_156dfa4][]\"> <label for=\"form-field-field_156dfa4-0\">PA<\/label><\/span><span class=\"elementor-field-option\"><input type=\"checkbox\" value=\"PB\" id=\"form-field-field_156dfa4-1\" name=\"form_fields[field_156dfa4][]\"> <label for=\"form-field-field_156dfa4-1\">PB<\/label><\/span><span class=\"elementor-field-option\"><input type=\"checkbox\" value=\"PC\" id=\"form-field-field_156dfa4-2\" name=\"form_fields[field_156dfa4][]\"> <label for=\"form-field-field_156dfa4-2\">PC<\/label><\/span><span class=\"elementor-field-option\"><input type=\"checkbox\" value=\"PD\" id=\"form-field-field_156dfa4-3\" name=\"form_fields[field_156dfa4][]\"> <label for=\"form-field-field_156dfa4-3\">PD<\/label><\/span><span class=\"elementor-field-option\"><input type=\"checkbox\" value=\"PE\" id=\"form-field-field_156dfa4-4\" name=\"form_fields[field_156dfa4][]\"> <label for=\"form-field-field_156dfa4-4\">PE<\/label><\/span><span class=\"elementor-field-option\"><input type=\"checkbox\" value=\"PF\" id=\"form-field-field_156dfa4-5\" name=\"form_fields[field_156dfa4][]\"> <label for=\"form-field-field_156dfa4-5\">PF<\/label><\/span><span class=\"elementor-field-option\"><input type=\"checkbox\" value=\"PG\" id=\"form-field-field_156dfa4-6\" name=\"form_fields[field_156dfa4][]\"> <label for=\"form-field-field_156dfa4-6\">PG<\/label><\/span><\/div>\t\t\t\t<\/div>\n\t\t\t\t\t\t\t\t<div class=\"elementor-field-type-checkbox elementor-field-group elementor-column elementor-field-group-field_27076e3 elementor-col-33\">\n\t\t\t\t\t\t\t\t\t\t\t\t<label for=\"form-field-field_27076e3\" class=\"elementor-field-label\">\n\t\t\t\t\t\t\t\tMaterjalid\t\t\t\t\t\t\t<\/label>\n\t\t\t\t\t\t<div class=\"elementor-field-subgroup  elementor-subgroup-inline\"><span class=\"elementor-field-option\"><input type=\"checkbox\" value=\"S\u00fcsinikteras\" id=\"form-field-field_27076e3-0\" name=\"form_fields[field_27076e3][]\"> <label for=\"form-field-field_27076e3-0\">S\u00fcsinikteras<\/label><\/span><span class=\"elementor-field-option\"><input type=\"checkbox\" value=\"Roostevaba teras\" id=\"form-field-field_27076e3-1\" name=\"form_fields[field_27076e3][]\"> <label for=\"form-field-field_27076e3-1\">Roostevaba teras<\/label><\/span><span class=\"elementor-field-option\"><input type=\"checkbox\" value=\"Alumiinium\" id=\"form-field-field_27076e3-2\" name=\"form_fields[field_27076e3][]\"> <label for=\"form-field-field_27076e3-2\">Alumiinium<\/label><\/span><span class=\"elementor-field-option\"><input type=\"checkbox\" value=\"Torud\" id=\"form-field-field_27076e3-3\" name=\"form_fields[field_27076e3][]\"> <label for=\"form-field-field_27076e3-3\">Torud<\/label><\/span><span class=\"elementor-field-option\"><input type=\"checkbox\" value=\"Muu\" id=\"form-field-field_27076e3-4\" name=\"form_fields[field_27076e3][]\"> <label for=\"form-field-field_27076e3-4\">Muu<\/label><\/span><\/div>\t\t\t\t<\/div>\n\t\t\t\t\t\t\t\t<div class=\"elementor-field-type-select elementor-field-group elementor-column elementor-field-group-field_eacf350 elementor-col-50 elementor-field-required elementor-mark-required\">\n\t\t\t\t\t\t\t\t\t\t\t\t<label for=\"form-field-field_eacf350\" class=\"elementor-field-label\">\n\t\t\t\t\t\t\t\tJooniste lugemine\t\t\t\t\t\t\t<\/label>\n\t\t\t\t\t\t\t\t<div class=\"elementor-field elementor-select-wrapper remove-before \">\n\t\t\t<div class=\"select-caret-down-wrapper\">\n\t\t\t\t<svg aria-hidden=\"true\" class=\"e-font-icon-svg e-eicon-caret-down\" viewBox=\"0 0 571.4 571.4\" xmlns=\"http:\/\/www.w3.org\/2000\/svg\"><path d=\"M571 393Q571 407 561 418L311 668Q300 679 286 679T261 668L11 418Q0 407 0 393T11 368 36 357H536Q550 357 561 368T571 393Z\"><\/path><\/svg>\t\t\t<\/div>\n\t\t\t<select name=\"form_fields[field_eacf350]\" id=\"form-field-field_eacf350\" class=\"elementor-field-textual elementor-size-sm\" required=\"required\">\n\t\t\t\t\t\t\t\t\t<option value=\"Jah\">Jah<\/option>\n\t\t\t\t\t\t\t\t\t<option value=\"Ei\">Ei<\/option>\n\t\t\t\t\t\t\t<\/select>\n\t\t<\/div>\n\t\t\t\t\t\t<\/div>\n\t\t\t\t\t\t\t\t<div class=\"elementor-field-type-select elementor-field-group elementor-column elementor-field-group-field_71812b6 elementor-col-50 elementor-field-required elementor-mark-required\">\n\t\t\t\t\t\t\t\t\t\t\t\t<label for=\"form-field-field_71812b6\" class=\"elementor-field-label\">\n\t\t\t\t\t\t\t\tJuhiluba\t\t\t\t\t\t\t<\/label>\n\t\t\t\t\t\t\t\t<div class=\"elementor-field elementor-select-wrapper remove-before \">\n\t\t\t<div class=\"select-caret-down-wrapper\">\n\t\t\t\t<svg aria-hidden=\"true\" class=\"e-font-icon-svg e-eicon-caret-down\" viewBox=\"0 0 571.4 571.4\" xmlns=\"http:\/\/www.w3.org\/2000\/svg\"><path d=\"M571 393Q571 407 561 418L311 668Q300 679 286 679T261 668L11 418Q0 407 0 393T11 368 36 357H536Q550 357 561 368T571 393Z\"><\/path><\/svg>\t\t\t<\/div>\n\t\t\t<select name=\"form_fields[field_71812b6]\" id=\"form-field-field_71812b6\" class=\"elementor-field-textual elementor-size-sm\" required=\"required\">\n\t\t\t\t\t\t\t\t\t<option value=\"Jah\">Jah<\/option>\n\t\t\t\t\t\t\t\t\t<option value=\"Ei\">Ei<\/option>\n\t\t\t\t\t\t\t<\/select>\n\t\t<\/div>\n\t\t\t\t\t\t<\/div>\n\t\t\t\t\t\t\t\t<div class=\"elementor-field-type-upload elementor-field-group elementor-column elementor-field-group-field_e6e3f4c elementor-col-50 elementor-field-required elementor-mark-required\">\n\t\t\t\t\t\t\t\t\t\t\t\t<label for=\"form-field-field_e6e3f4c\" class=\"elementor-field-label\">\n\t\t\t\t\t\t\t\tLaadige \u00fcles oma sertifikaadid ja CV (.pdf\/.jpg\/.png)\t\t\t\t\t\t\t<\/label>\n\t\t\t\t\t\t\t\t<input type=\"file\" name=\"form_fields[field_e6e3f4c][]\" id=\"form-field-field_e6e3f4c\" class=\"elementor-field elementor-size-sm  elementor-upload-field\" required=\"required\" multiple=\"multiple\" data-maxsize=\"15\" data-maxsize-message=\"This file exceeds the maximum allowed size.\">\n\n\t\t\t\t\t\t<\/div>\n\t\t\t\t\t\t\t\t<div class=\"elementor-field-type-upload elementor-field-group elementor-column elementor-field-group-field_53e4058 elementor-col-50 elementor-field-required elementor-mark-required\">\n\t\t\t\t\t\t\t\t\t\t\t\t<label for=\"form-field-field_53e4058\" class=\"elementor-field-label\">\n\t\t\t\t\t\t\t\tLaadige \u00fcles tehtud t\u00f6\u00f6de fotod (.jpg\/.png)\t\t\t\t\t\t\t<\/label>\n\t\t\t\t\t\t\t\t<input type=\"file\" name=\"form_fields[field_53e4058][]\" id=\"form-field-field_53e4058\" class=\"elementor-field elementor-size-sm  elementor-upload-field\" required=\"required\" multiple=\"multiple\" data-maxsize=\"2\" data-maxsize-message=\"This file exceeds the maximum allowed size.\">\n\n\t\t\t\t\t\t<\/div>\n\t\t\t\t\t\t\t\t<div class=\"elementor-field-type-number elementor-field-group elementor-column elementor-field-group-field_451276e elementor-col-50\">\n\t\t\t\t\t\t\t\t\t\t\t\t<label for=\"form-field-field_451276e\" class=\"elementor-field-label\">\n\t\t\t\t\t\t\t\tSoovitud tasu (\u20ac \/ tund)\t\t\t\t\t\t\t<\/label>\n\t\t\t\t\t\t\t\t\t<input type=\"number\" name=\"form_fields[field_451276e]\" id=\"form-field-field_451276e\" class=\"elementor-field elementor-size-sm  elementor-field-textual\" placeholder=\"Kirjutage oma soovitud tasu\" min=\"\" max=\"\" >\n\t\t\t\t\t\t<\/div>\n\t\t\t\t\t\t\t\t<div class=\"elementor-field-type-text elementor-field-group elementor-column elementor-field-group-field_2ee0289 elementor-col-50\">\n\t\t\t\t\t\t\t\t\t\t\t\t<label for=\"form-field-field_2ee0289\" class=\"elementor-field-label\">\n\t\t\t\t\t\t\t\tMillal olete valmis alustama\t\t\t\t\t\t\t<\/label>\n\t\t\t\t\t\t\t\t\t\t\t\t\t\t<input size=\"1\" type=\"text\" name=\"form_fields[field_2ee0289]\" id=\"form-field-field_2ee0289\" class=\"elementor-field elementor-size-sm  elementor-field-textual\" placeholder=\"Kirjutage, millal olete valmis alustama\">\n\t\t\t\t\t\t\t\t\t\t\t<\/div>\n\t\t\t\t\t\t\t\t<div class=\"elementor-field-type-acceptance elementor-field-group elementor-column elementor-field-group-field_ba3eb74 elementor-col-100 elementor-field-required elementor-mark-required\">\n\t\t\t\t\t\t\t\t\t\t\t\t<label for=\"form-field-field_ba3eb74\" class=\"elementor-field-label\">\n\t\t\t\t\t\t\t\t \t\t\t\t\t\t\t<\/label>\n\t\t\t\t\t\t\t\t<div class=\"elementor-field-subgroup\">\n\t\t\t<span class=\"elementor-field-option\">\n\t\t\t\t<input type=\"checkbox\" name=\"form_fields[field_ba3eb74]\" id=\"form-field-field_ba3eb74\" class=\"elementor-field elementor-size-sm  elementor-acceptance-field\" required=\"required\">\n\t\t\t\t<label for=\"form-field-field_ba3eb74\">N\u00f5usolek isikuandmete t\u00f6\u00f6tlemiseks<\/label>\t\t\t<\/span>\n\t\t<\/div>\n\t\t\t\t\t\t<\/div>\n\t\t\t\t\t\t\t\t<div class=\"elementor-field-group elementor-column elementor-field-type-submit elementor-col-20 e-form__buttons\">\n\t\t\t\t\t<button class=\"elementor-button elementor-size-sm\" type=\"submit\">\n\t\t\t\t\t\t<span class=\"elementor-button-content-wrapper\">\n\t\t\t\t\t\t\t\t\t\t\t\t\t\t\t\t\t\t\t\t\t\t<span class=\"elementor-button-text\">Saata<\/span>\n\t\t\t\t\t\t\t\t\t\t\t\t\t<\/span>\n\t\t\t\t\t<\/button>\n\t\t\t\t<\/div>\n\t\t\t<\/div>\n\t\t<\/form>\n\t\t\t\t\t\t<\/div>\n\t\t\t\t\t<\/div>\n\t\t\t\t<\/div>\n\t\t\t\t<\/div>\n\t\t","protected":false},"excerpt":{"rendered":"","protected":false},"author":1,"featured_media":0,"parent":0,"menu_order":0,"comment_status":"closed","ping_status":"closed","template":"","meta":{"footnotes":""},"class_list":["post-1761","page","type-page","status-publish","hentry"],"_links":{"self":[{"href":"https:\/\/esteel.ee\/et\/wp-json\/wp\/v2\/pages\/1761","targetHints":{"allow":["GET"]}}],"collection":[{"href":"https:\/\/esteel.ee\/et\/wp-json\/wp\/v2\/pages"}],"about":[{"href":"https:\/\/esteel.ee\/et\/wp-json\/wp\/v2\/types\/page"}],"author":[{"embeddable":true,"href":"https:\/\/esteel.ee\/et\/wp-json\/wp\/v2\/users\/1"}],"replies":[{"embeddable":true,"href":"https:\/\/esteel.ee\/et\/wp-json\/wp\/v2\/comments?post=1761"}],"version-history":[{"count":57,"href":"https:\/\/esteel.ee\/et\/wp-json\/wp\/v2\/pages\/1761\/revisions"}],"predecessor-version":[{"id":1981,"href":"https:\/\/esteel.ee\/et\/wp-json\/wp\/v2\/pages\/1761\/revisions\/1981"}],"wp:attachment":[{"href":"https:\/\/esteel.ee\/et\/wp-json\/wp\/v2\/media?parent=1761"}],"curies":[{"name":"wp","href":"https:\/\/api.w.org\/{rel}","templated":true}]}}